{"id":1118162,"date":"2025-04-30T14:34:13","date_gmt":"2025-04-30T11:34:13","guid":{"rendered":"https:\/\/intuitiongarden.com\/?page_id=1118162"},"modified":"2025-05-02T09:58:48","modified_gmt":"2025-05-02T06:58:48","slug":"etsy-sklep","status":"publish","type":"page","link":"https:\/\/intuitiongarden.com\/pl\/etsy-sklep\/","title":{"rendered":"ETSY  SKLEP"},"content":{"rendered":"<p>[et_pb_section fb_built=&#8221;1&#8243; _builder_version=&#8221;4.24.2&#8243; _module_preset=&#8221;default&#8221; custom_padding=&#8221;3px|||||&#8221; global_colors_info=&#8221;{}&#8221;][et_pb_row _builder_version=&#8221;4.24.2&#8243; _module_preset=&#8221;default&#8221; custom_margin=&#8221;-5px|auto||auto||&#8221; custom_padding=&#8221;3px|||||&#8221; global_colors_info=&#8221;{}&#8221;][et_pb_column type=&#8221;4_4&#8243; _builder_version=&#8221;4.24.2&#8243; _module_preset=&#8221;default&#8221; global_colors_info=&#8221;{}&#8221;][et_pb_image src=&#8221;https:\/\/intuitiongarden.com\/wp-content\/uploads\/2025\/04\/etsy-sklep-Roza-Alicja.jpg&#8221; alt=&#8221;etsy sklep Roza Alicja&#8221; url=&#8221;https:\/\/www.etsy.com\/shop\/RozaAlicja&#8221; url_new_window=&#8221;on&#8221; disabled_on=&#8221;on|off|off&#8221; admin_label=&#8221;Image for tablet and desktop&#8221; _builder_version=&#8221;4.24.2&#8243; _module_preset=&#8221;default&#8221; global_colors_info=&#8221;{}&#8221;][\/et_pb_image][et_pb_image src=&#8221;https:\/\/intuitiongarden.com\/wp-content\/uploads\/2025\/04\/etsy-sklep-Roza-Alicja-mobile-s.jpg&#8221; alt=&#8221;etsy sklep Roza Alicja mobile &#8221; align=&#8221;center&#8221; disabled_on=&#8221;off|on|on&#8221; admin_label=&#8221;Image for on Mobile&#8221; _builder_version=&#8221;4.24.2&#8243; _module_preset=&#8221;default&#8221; global_colors_info=&#8221;{}&#8221;][\/et_pb_image][\/et_pb_column][\/et_pb_row][et_pb_row _builder_version=&#8221;4.24.2&#8243; _module_preset=&#8221;default&#8221; custom_margin=&#8221;7px|auto||auto||&#8221; custom_padding=&#8221;0px|||||&#8221; global_colors_info=&#8221;{}&#8221;][et_pb_column type=&#8221;4_4&#8243; _builder_version=&#8221;4.24.2&#8243; _module_preset=&#8221;default&#8221; global_colors_info=&#8221;{}&#8221;][et_pb_text _builder_version=&#8221;4.24.2&#8243; _module_preset=&#8221;default&#8221; text_font_size=&#8221;18px&#8221; max_width=&#8221;700px&#8221; module_alignment=&#8221;center&#8221; custom_margin=&#8221;||21px|||&#8221; global_colors_info=&#8221;{}&#8221;]<\/p>\n<h2 style=\"text-align: center;\">Serdecznie zapraszam Ciebie do odwiedzenia mojego sklepu ETSY!  <\/h2>\n<p style=\"text-align: center;\">Tam zobaczysz produkty, kt\u00f3re sama stworzy\u0142am:<\/p>\n<p style=\"text-align: center;\">&#8211; ART, oryginalne obrazy akwarelowe i akrylowe;<\/p>\n<p style=\"text-align: center;\">&#8211; sprzedaj\u0119 je jako wydruki na papierze, p\u0142\u00f3tnie lub w wersji cyfrowej;<\/p>\n<p style=\"text-align: center;\">&#8211; cyfrowe i do druku: zeszyty, plannery i inne inspiruj\u0105ce materia\u0142y;<\/p>\n<p style=\"text-align: center;\">&#8211; e-ksi\u0105\u017cki;<\/p>\n<p style=\"text-align: center;\">&#8211; kwiatowe projekty;<\/p>\n<p style=\"text-align: center;\">&#8211; torby, ubrania i dodatki inspirowane przyroda i kwiatami &#8211; wykonane w spos\u00f3b przyjazny dla \u015brodowiska naturalnego.<\/p>\n<p style=\"text-align: center;\">Mam nadziej\u0119, \u017ce znajdziesz tu cos idealnego dla siebie i swoich bliskich.<\/p>\n<p style=\"text-align: center;\">Dzi\u0119kuj\u0119!<\/p>\n<p>[\/et_pb_text][et_pb_button button_url=&#8221;https:\/\/www.etsy.com\/shop\/RozaAlicja&#8221; url_new_window=&#8221;on&#8221; button_text=&#8221;Odwied\u017a m\u00f3j Etsy sklep&#8221; button_alignment=&#8221;center&#8221; _builder_version=&#8221;4.24.2&#8243; _module_preset=&#8221;default&#8221; global_colors_info=&#8221;{}&#8221;][\/et_pb_button][\/et_pb_column][\/et_pb_row][\/et_pb_section]<\/p>\n","protected":false},"excerpt":{"rendered":"<p>Serdecznie zapraszam Ciebie do odwiedzenia mojego sklepu ETSY! Tam zobaczysz produkty, kt\u00f3re sama stworzy\u0142am: &#8211; ART, oryginalne obrazy akwarelowe i akrylowe; &#8211; sprzedaj\u0119 je jako wydruki na papierze, p\u0142\u00f3tnie lub w wersji cyfrowej; &#8211; cyfrowe i do druku: zeszyty, plannery i inne inspiruj\u0105ce materia\u0142y; &#8211; e-ksi\u0105\u017cki; &#8211; kwiatowe projekty; &#8211; torby, ubrania i dodatki inspirowane [&hellip;]<\/p>\n","protected":false},"author":1,"featured_media":0,"parent":0,"menu_order":0,"comment_status":"closed","ping_status":"closed","template":"","meta":{"_et_pb_use_builder":"on","_et_pb_old_content":"","_et_gb_content_width":"","footnotes":""},"class_list":["post-1118162","page","type-page","status-publish","hentry"],"yoast_head":"<!-- This site is optimized with the Yoast SEO plugin v27.4 - https:\/\/yoast.com\/product\/yoast-seo-wordpress\/ -->\n<title>ETSY SKLEP - Intuition Garden<\/title>\n<meta name=\"robots\" content=\"index, follow, max-snippet:-1, max-image-preview:large, max-video-preview:-1\" \/>\n<link rel=\"canonical\" href=\"https:\/\/intuitiongarden.com\/pl\/etsy-sklep\/\" \/>\n<meta property=\"og:locale\" content=\"pl_PL\" \/>\n<meta property=\"og:type\" content=\"article\" \/>\n<meta property=\"og:title\" content=\"ETSY SKLEP - Intuition Garden\" \/>\n<meta property=\"og:description\" content=\"Serdecznie zapraszam Ciebie do odwiedzenia mojego sklepu ETSY! Tam zobaczysz produkty, kt\u00f3re sama stworzy\u0142am: - ART, oryginalne obrazy akwarelowe i akrylowe; - sprzedaj\u0119 je jako wydruki na papierze, p\u0142\u00f3tnie lub w wersji cyfrowej; - cyfrowe i do druku: zeszyty, plannery i inne inspiruj\u0105ce materia\u0142y; - e-ksi\u0105\u017cki; - kwiatowe projekty; - torby, ubrania i dodatki inspirowane [&hellip;]\" \/>\n<meta property=\"og:url\" content=\"https:\/\/intuitiongarden.com\/pl\/etsy-sklep\/\" \/>\n<meta property=\"og:site_name\" content=\"Intuition Garden\" \/>\n<meta property=\"article:modified_time\" content=\"2025-05-02T06:58:48+00:00\" \/>\n<meta property=\"og:image\" content=\"https:\/\/intuitiongarden.com\/wp-content\/uploads\/2020\/09\/Intuition-garden-roza-alicja.jpg\" \/>\n\t<meta property=\"og:image:width\" content=\"1200\" \/>\n\t<meta property=\"og:image:height\" content=\"630\" \/>\n\t<meta property=\"og:image:type\" content=\"image\/jpeg\" \/>\n<meta name=\"twitter:label1\" content=\"Szacowany czas czytania\" \/>\n\t<meta name=\"twitter:data1\" content=\"1 minuta\" \/>\n<script type=\"application\/ld+json\" class=\"yoast-schema-graph\">{\"@context\":\"https:\\\/\\\/schema.org\",\"@graph\":[{\"@type\":\"WebPage\",\"@id\":\"https:\\\/\\\/intuitiongarden.com\\\/pl\\\/etsy-sklep\\\/\",\"url\":\"https:\\\/\\\/intuitiongarden.com\\\/pl\\\/etsy-sklep\\\/\",\"name\":\"ETSY SKLEP - Intuition Garden\",\"isPartOf\":{\"@id\":\"https:\\\/\\\/intuitiongarden.com\\\/pl\\\/#website\"},\"datePublished\":\"2025-04-30T11:34:13+00:00\",\"dateModified\":\"2025-05-02T06:58:48+00:00\",\"breadcrumb\":{\"@id\":\"https:\\\/\\\/intuitiongarden.com\\\/pl\\\/etsy-sklep\\\/#breadcrumb\"},\"inLanguage\":\"pl-PL\",\"potentialAction\":[{\"@type\":\"ReadAction\",\"target\":[\"https:\\\/\\\/intuitiongarden.com\\\/pl\\\/etsy-sklep\\\/\"]}]},{\"@type\":\"BreadcrumbList\",\"@id\":\"https:\\\/\\\/intuitiongarden.com\\\/pl\\\/etsy-sklep\\\/#breadcrumb\",\"itemListElement\":[{\"@type\":\"ListItem\",\"position\":1,\"name\":\"Home\",\"item\":\"https:\\\/\\\/intuitiongarden.com\\\/pl\\\/\"},{\"@type\":\"ListItem\",\"position\":2,\"name\":\"ETSY SKLEP\"}]},{\"@type\":\"WebSite\",\"@id\":\"https:\\\/\\\/intuitiongarden.com\\\/pl\\\/#website\",\"url\":\"https:\\\/\\\/intuitiongarden.com\\\/pl\\\/\",\"name\":\"Intuition Garden\",\"description\":\"for nature-inspired &amp; authentic life!\",\"potentialAction\":[{\"@type\":\"SearchAction\",\"target\":{\"@type\":\"EntryPoint\",\"urlTemplate\":\"https:\\\/\\\/intuitiongarden.com\\\/pl\\\/?s={search_term_string}\"},\"query-input\":{\"@type\":\"PropertyValueSpecification\",\"valueRequired\":true,\"valueName\":\"search_term_string\"}}],\"inLanguage\":\"pl-PL\"}]}<\/script>\n<!-- \/ Yoast SEO plugin. -->","yoast_head_json":{"title":"ETSY SKLEP - Intuition Garden","robots":{"index":"index","follow":"follow","max-snippet":"max-snippet:-1","max-image-preview":"max-image-preview:large","max-video-preview":"max-video-preview:-1"},"canonical":"https:\/\/intuitiongarden.com\/pl\/etsy-sklep\/","og_locale":"pl_PL","og_type":"article","og_title":"ETSY SKLEP - Intuition Garden","og_description":"Serdecznie zapraszam Ciebie do odwiedzenia mojego sklepu ETSY! Tam zobaczysz produkty, kt\u00f3re sama stworzy\u0142am: - ART, oryginalne obrazy akwarelowe i akrylowe; - sprzedaj\u0119 je jako wydruki na papierze, p\u0142\u00f3tnie lub w wersji cyfrowej; - cyfrowe i do druku: zeszyty, plannery i inne inspiruj\u0105ce materia\u0142y; - e-ksi\u0105\u017cki; - kwiatowe projekty; - torby, ubrania i dodatki inspirowane [&hellip;]","og_url":"https:\/\/intuitiongarden.com\/pl\/etsy-sklep\/","og_site_name":"Intuition Garden","article_modified_time":"2025-05-02T06:58:48+00:00","og_image":[{"width":1200,"height":630,"url":"https:\/\/intuitiongarden.com\/wp-content\/uploads\/2020\/09\/Intuition-garden-roza-alicja.jpg","type":"image\/jpeg"}],"twitter_misc":{"Szacowany czas czytania":"1 minuta"},"schema":{"@context":"https:\/\/schema.org","@graph":[{"@type":"WebPage","@id":"https:\/\/intuitiongarden.com\/pl\/etsy-sklep\/","url":"https:\/\/intuitiongarden.com\/pl\/etsy-sklep\/","name":"ETSY SKLEP - Intuition Garden","isPartOf":{"@id":"https:\/\/intuitiongarden.com\/pl\/#website"},"datePublished":"2025-04-30T11:34:13+00:00","dateModified":"2025-05-02T06:58:48+00:00","breadcrumb":{"@id":"https:\/\/intuitiongarden.com\/pl\/etsy-sklep\/#breadcrumb"},"inLanguage":"pl-PL","potentialAction":[{"@type":"ReadAction","target":["https:\/\/intuitiongarden.com\/pl\/etsy-sklep\/"]}]},{"@type":"BreadcrumbList","@id":"https:\/\/intuitiongarden.com\/pl\/etsy-sklep\/#breadcrumb","itemListElement":[{"@type":"ListItem","position":1,"name":"Home","item":"https:\/\/intuitiongarden.com\/pl\/"},{"@type":"ListItem","position":2,"name":"ETSY SKLEP"}]},{"@type":"WebSite","@id":"https:\/\/intuitiongarden.com\/pl\/#website","url":"https:\/\/intuitiongarden.com\/pl\/","name":"Intuition Garden","description":"for nature-inspired &amp; authentic life!","potentialAction":[{"@type":"SearchAction","target":{"@type":"EntryPoint","urlTemplate":"https:\/\/intuitiongarden.com\/pl\/?s={search_term_string}"},"query-input":{"@type":"PropertyValueSpecification","valueRequired":true,"valueName":"search_term_string"}}],"inLanguage":"pl-PL"}]}},"_links":{"self":[{"href":"https:\/\/intuitiongarden.com\/pl\/wp-json\/wp\/v2\/pages\/1118162","targetHints":{"allow":["GET"]}}],"collection":[{"href":"https:\/\/intuitiongarden.com\/pl\/wp-json\/wp\/v2\/pages"}],"about":[{"href":"https:\/\/intuitiongarden.com\/pl\/wp-json\/wp\/v2\/types\/page"}],"author":[{"embeddable":true,"href":"https:\/\/intuitiongarden.com\/pl\/wp-json\/wp\/v2\/users\/1"}],"replies":[{"embeddable":true,"href":"https:\/\/intuitiongarden.com\/pl\/wp-json\/wp\/v2\/comments?post=1118162"}],"version-history":[{"count":0,"href":"https:\/\/intuitiongarden.com\/pl\/wp-json\/wp\/v2\/pages\/1118162\/revisions"}],"wp:attachment":[{"href":"https:\/\/intuitiongarden.com\/pl\/wp-json\/wp\/v2\/media?parent=1118162"}],"curies":[{"name":"wp","href":"https:\/\/api.w.org\/{rel}","templated":true}]}}