{"id":1117194,"date":"2018-04-03T12:41:30","date_gmt":"2018-04-03T09:41:30","guid":{"rendered":"https:\/\/intuitiongarden.com\/flower-design\/"},"modified":"2019-06-14T15:18:09","modified_gmt":"2019-06-14T12:18:09","slug":"kwiaty-z-nieba","status":"publish","type":"page","link":"https:\/\/intuitiongarden.com\/pl\/kwiaty-z-nieba\/","title":{"rendered":"Kwiaty z nieba"},"content":{"rendered":"<p>[et_pb_section fb_built=&#8221;1&#8243; _builder_version=&#8221;3.0.106&#8243; background_image=&#8221;https:\/\/intuitiongarden.com\/wp-content\/uploads\/2018\/04\/flower-design-b.jpg&#8221; custom_css_main_element=&#8221;height:400px&#8221;][et_pb_row _builder_version=&#8221;3.0.47&#8243; background_size=&#8221;initial&#8221; background_position=&#8221;top_left&#8221; background_repeat=&#8221;repeat&#8221;][et_pb_column type=&#8221;4_4&#8243; _builder_version=&#8221;3.0.106&#8243;][et_pb_text _builder_version=&#8221;3.0.106&#8243;]<\/p>\n<p>\u00a0<\/p>\n<p>\u00a0<\/p>\n<p>\u00a0<\/p>\n<p>\u00a0<\/p>\n<p>\u00a0<\/p>\n<p>[\/et_pb_text][\/et_pb_column][\/et_pb_row][\/et_pb_section][et_pb_section fb_built=&#8221;1&#8243; _builder_version=&#8221;3.0.106&#8243; custom_padding=&#8221;83px|0px|25px|0px&#8221;][et_pb_row _builder_version=&#8221;3.0.106&#8243;][et_pb_column type=&#8221;2_3&#8243; _builder_version=&#8221;3.0.106&#8243;][et_pb_text _builder_version=&#8221;3.21.1&#8243;]<\/p>\n<h1>Kwiaciarnia &#8211; Kwiaty z nieba<\/h1>\n<p>L\u0119bork, ul Handlowa 3\/1<br \/>na rynku, z tylu Kupca, naprzeciwko piekarni 'Kr\u00f3lewiczanka&#8217;<\/p>\n<h2><span style=\"font-size: large;\"> Jako\u015b\u0107 i indywidualne kompozycje kwiatowe na ka\u017cd\u0105 okazj\u0119. <br \/> Tworzymy specjalne wspomnienia z kwiatami .<\/span><\/h2>\n<p>Nic nie wyra\u017ca Twoich emocji jak dar kwiat\u00f3w. Rozumiemy znaczenie tworzenia idealnego wra\u017cenia na Twoja specjalna okazje. Kwiaciarnia &#8211; \u201eKwiaty z Nieba\u201d to przyjazne dla \u015brodowiska studio kwiatowe w L\u0119borku, zapewniaj\u0105ce dobr\u0105 jako\u015b\u0107 i obs\u0142ug\u0119 w starym stylu.\u00a0<\/p>\n<p>Tworzymy kompozycje kwiatowe na wyj\u0105tkowe chwile \u017cycia:<\/p>\n<ul>\n<li>\u015aluby <\/li>\n<li>Urodziny, imieniny i imprezy <\/li>\n<li>Szkolne uroczysto\u015bci, np. zako\u0144czenie roku szkolnego <\/li>\n<li>Tygodniowe instalacje dla dom\u00f3w, biur, hoteli i firm <\/li>\n<li>Pogrzeby <\/li>\n<li>Komuni\u0119 \u015bw. <\/li>\n<li>Wyra\u017cenie \u201eKocham Cie!\u201d i \u201eDziekuje!\u201d osobie, kt\u00f3ra jest dla Ciebie wyj\u0105tkowa<\/li>\n<\/ul>\n<p> Ponadto pracujemy z \u017cywymi kwiatami i ro\u015blinami, pomagaj\u0105c Ci stworzy\u0107 pi\u0119kny ogr\u00f3d kwiatowy w Twoim ogrodzie domowym, na balkonie lub parapecie okiennym. Mo\u017cemy zosta\u0107 zatrudnieni jako tw\u00f3j ogrodnik kwiatowy.<\/p>\n<p>Oferujemy bezp\u0142atn\u0105 wycen\u0119 z konsultacj\u0105 i us\u0142ug\u0105 dostawy.<\/p>\n<p> Wykonujemy unikalny asortyment kwiat\u00f3w i ro\u015blin, w tym:<\/p>\n<ul>\n<li>R\u00f3\u017ce <\/li>\n<li>Rzadkie kwiaty <\/li>\n<li>Kwitn\u0105ce ro\u015bliny <\/li>\n<li>Kosze dla smakoszy <\/li>\n<li>Tropikalne kwiaty <\/li>\n<li>Tradycyjne rozwi\u0105zania <\/li>\n<li>Pe\u0142ny asortyment koszy i wazon\u00f3w <\/li>\n<\/ul>\n<p>[\/et_pb_text][\/et_pb_column][et_pb_column type=&#8221;1_3&#8243; _builder_version=&#8221;3.0.106&#8243;][et_pb_image src=&#8221;https:\/\/intuitiongarden.com\/wp-content\/uploads\/2018\/05\/flower-girl.jpg&#8221; align=&#8221;center&#8221; admin_label=&#8221;Image&#8221; _builder_version=&#8221;3.0.106&#8243; use_border_color=&#8221;off&#8221; border_color=&#8221;#ffffff&#8221; border_width=&#8221;1px&#8221; border_style=&#8221;solid&#8221; sticky=&#8221;off&#8221; saved_tabs=&#8221;all&#8221;][\/et_pb_image][et_pb_image src=&#8221;https:\/\/intuitiongarden.com\/wp-content\/uploads\/2018\/05\/bouquet.jpg&#8221; align=&#8221;center&#8221; admin_label=&#8221;Image&#8221; _builder_version=&#8221;3.0.106&#8243; use_border_color=&#8221;off&#8221; border_color=&#8221;#ffffff&#8221; border_width=&#8221;1px&#8221; border_style=&#8221;solid&#8221; sticky=&#8221;off&#8221; saved_tabs=&#8221;all&#8221;][\/et_pb_image][\/et_pb_column][\/et_pb_row][et_pb_row _builder_version=&#8221;3.0.106&#8243;][et_pb_column type=&#8221;1_3&#8243; _builder_version=&#8221;3.0.106&#8243;][et_pb_image src=&#8221;https:\/\/intuitiongarden.com\/wp-content\/uploads\/2019\/06\/soft-pastel-bouquet.jpg&#8221; align=&#8221;center&#8221; admin_label=&#8221;Image&#8221; _builder_version=&#8221;3.21.1&#8243; custom_padding=&#8221;55px|||&#8221; use_border_color=&#8221;off&#8221; border_color=&#8221;#ffffff&#8221; border_width=&#8221;1px&#8221; border_style=&#8221;solid&#8221; sticky=&#8221;off&#8221; saved_tabs=&#8221;all&#8221;][\/et_pb_image][\/et_pb_column][et_pb_column type=&#8221;2_3&#8243; _builder_version=&#8221;3.0.106&#8243;][et_pb_text _builder_version=&#8221;3.21.1&#8243;]<\/p>\n<h2>Lekcje florystyczne<\/h2>\n<p> Czy lubisz kwiaty i przebywanie z nimi? Je\u015bli tak, we\u017a pod uwag\u0119 nasze zaj\u0119cia florystyczne. Wykonywane s\u0105 w atmosferze relaksu, innowacji i \u0142atwo\u015bci w przyswojeniu nowych kwiatowych idei. Poznasz kreatywno\u015b\u0107, praktyczn\u0105 mechanik\u0119 i obs\u0142ug\u0119 kwiat\u00f3w, aby stworzy\u0107 w\u0142asne, pi\u0119kne motywy kwiatowe. Zaj\u0119cia s\u0105 odpowiednie dla pocz\u0105tkuj\u0105cych i dla tych, kt\u00f3rzy maj\u0105 wcze\u015bniejsze do\u015bwiadczenia w projektowaniu kwiat\u00f3w.<\/p>\n<p>W naszych klasach nauczysz si\u0119 wykonywa\u0107:<\/p>\n<ul>\n<li>Europejskie bukiety wi\u0105zane r\u0119cznie, w tym bukiety \u015blubne <\/li>\n<li>Europejskie wzory na st\u00f3\u0142 <\/li>\n<li>Wsp\u00f3\u0142czesne i tradycyjne kompozycje kwiatowe dla domu, biura i wyj\u0105tkowej okazji <\/li>\n<li>Jak kupowa\u0107 i dba\u0107 o \u015bwie\u017ce kwiaty, w tym wizyt\u0119 na lokalnym targu kwiatowym <\/li>\n<li>Klasyczne Podstawowe zasady dotycz\u0105ce r\u0119cznych aran\u017cacji i wsp\u00f3\u0142czesnych, tradycyjnych technik.<\/li>\n<li>Projekty kwiatowe dla du\u017cych obiekt\u00f3w, takich jak ko\u015bcio\u0142y i sale bankietowa oraz na specjalne wydarzenie.<\/li>\n<\/ul>\n<p>Aby zarejestrowa\u0107 si\u0119 na zaj\u0119cia z motywem kwiatowym lub je\u015bli masz jakiekolwiek pytania, <a href=\"https:\/\/intuitiongarden.com\/pl\/kontakt\/\">skontaktuj si\u0119 z nami bezpo\u015brednio tutaj<\/a>.<\/p>\n<p>[\/et_pb_text][et_pb_button button_url=&#8221;https:\/\/intuitiongarden.com\/pl\/kontakt\/&#8221; button_text=&#8221;Skontaktuj si\u0119 ze mn\u0105&#8221; button_alignment=&#8221;center&#8221; admin_label=&#8221;Button &#8211; Standard&#8221; _builder_version=&#8221;3.21.1&#8243; background_layout=&#8221;dark&#8221; custom_margin=&#8221;0px|||&#8221; custom_padding=&#8221;|||&#8221; saved_tabs=&#8221;all&#8221; button_text_size__hover_enabled=&#8221;off&#8221; button_one_text_size__hover_enabled=&#8221;off&#8221; button_two_text_size__hover_enabled=&#8221;off&#8221; button_text_color__hover_enabled=&#8221;off&#8221; button_one_text_color__hover_enabled=&#8221;off&#8221; button_two_text_color__hover_enabled=&#8221;off&#8221; button_border_width__hover_enabled=&#8221;off&#8221; button_one_border_width__hover_enabled=&#8221;off&#8221; button_two_border_width__hover_enabled=&#8221;off&#8221; button_border_color__hover_enabled=&#8221;off&#8221; button_one_border_color__hover_enabled=&#8221;off&#8221; button_two_border_color__hover_enabled=&#8221;off&#8221; button_border_radius__hover_enabled=&#8221;off&#8221; button_one_border_radius__hover_enabled=&#8221;off&#8221; button_two_border_radius__hover_enabled=&#8221;off&#8221; button_letter_spacing__hover_enabled=&#8221;off&#8221; button_one_letter_spacing__hover_enabled=&#8221;off&#8221; button_two_letter_spacing__hover_enabled=&#8221;off&#8221; button_bg_color__hover_enabled=&#8221;off&#8221; button_one_bg_color__hover_enabled=&#8221;off&#8221; button_two_bg_color__hover_enabled=&#8221;off&#8221;] [\/et_pb_button][\/et_pb_column][\/et_pb_row][et_pb_row custom_padding=&#8221;92px|0px|25px|0px|false|false&#8221; _builder_version=&#8221;3.0.106&#8243;][et_pb_column type=&#8221;2_3&#8243; _builder_version=&#8221;3.0.106&#8243;][et_pb_text _builder_version=&#8221;3.21.1&#8243;]<\/p>\n<h2>Bukiety na zam\u00f3wienia<\/h2>\n<p>Roza Alicja, w\u0142a\u015bcicielka kwiaciarni \u201eKwiaty z Nieba\u201d, jest kwiatow\u0105 projektantk\u0105 i kwiaciark\u0105, o europejskim charakterze na kwiaty i kwiatowy motyw. Jest dost\u0119pna do bezp\u0142atnego zatrudniania we wszystkich pracach zwi\u0105zanych z projektowaniem kwiat\u00f3w, w tym do tworzenia sklepu lub studia kwiatowego, imprez prywatnych, romantycznych niespodzianek lub transformacji pokoju.<\/p>\n<p>Roza Alicja jest absolwentk\u0105 Kanadyjskiego Instytutu Wzornictwa Kwiatowego w Toronto, w Kanadzie i prywatnych zaj\u0119\u0107 kwiatowych w Anglii. Od tego czasu kontynuuje swoj\u0105 pasj\u0119 do kwiat\u00f3w, pracuj\u0105c jako kwiaciarka w L\u0119borku i ucz\u0105c kurs\u00f3w z zakresu projektowania kompozycji kwiatowych. Uwielbia naturalne, ekologiczne wzory z kwiatami i ogrody kwiatowe.<\/span><\/p>\n<p>W celu wyceny, bezp\u0142atnej wyceny lub konsultacji skontaktuj si\u0119 z nami tutaj.<\/p>\n<p>[\/et_pb_text][et_pb_button button_url=&#8221;https:\/\/intuitiongarden.com\/pl\/kontakt\/&#8221; button_text=&#8221;SKONTAKTUJ SI\u0118 ZE MN\u0104&#8221; button_alignment=&#8221;center&#8221; admin_label=&#8221;Button &#8211; Standard&#8221; _builder_version=&#8221;3.21.1&#8243; background_layout=&#8221;dark&#8221; custom_margin=&#8221;0px|||&#8221; saved_tabs=&#8221;all&#8221; button_text_size__hover_enabled=&#8221;off&#8221; button_one_text_size__hover_enabled=&#8221;off&#8221; button_two_text_size__hover_enabled=&#8221;off&#8221; button_text_color__hover_enabled=&#8221;off&#8221; button_one_text_color__hover_enabled=&#8221;off&#8221; button_two_text_color__hover_enabled=&#8221;off&#8221; button_border_width__hover_enabled=&#8221;off&#8221; button_one_border_width__hover_enabled=&#8221;off&#8221; button_two_border_width__hover_enabled=&#8221;off&#8221; button_border_color__hover_enabled=&#8221;off&#8221; button_one_border_color__hover_enabled=&#8221;off&#8221; button_two_border_color__hover_enabled=&#8221;off&#8221; button_border_radius__hover_enabled=&#8221;off&#8221; button_one_border_radius__hover_enabled=&#8221;off&#8221; button_two_border_radius__hover_enabled=&#8221;off&#8221; button_letter_spacing__hover_enabled=&#8221;off&#8221; button_one_letter_spacing__hover_enabled=&#8221;off&#8221; button_two_letter_spacing__hover_enabled=&#8221;off&#8221; button_bg_color__hover_enabled=&#8221;off&#8221; button_one_bg_color__hover_enabled=&#8221;off&#8221; button_two_bg_color__hover_enabled=&#8221;off&#8221;] [\/et_pb_button][\/et_pb_column][et_pb_column type=&#8221;1_3&#8243; _builder_version=&#8221;3.0.106&#8243;][et_pb_image src=&#8221;https:\/\/intuitiongarden.com\/wp-content\/uploads\/2018\/04\/flower-design-lnk.jpg&#8221; align=&#8221;center&#8221; admin_label=&#8221;Image&#8221; _builder_version=&#8221;3.0.106&#8243; max_width=&#8221;84%&#8221; custom_padding=&#8221;30px|||&#8221; use_border_color=&#8221;off&#8221; border_color=&#8221;#ffffff&#8221; border_width=&#8221;1px&#8221; border_style=&#8221;solid&#8221; sticky=&#8221;off&#8221; saved_tabs=&#8221;all&#8221;][\/et_pb_image][\/et_pb_column][\/et_pb_row][\/et_pb_section][et_pb_section fb_built=&#8221;1&#8243; _builder_version=&#8221;3.0.106&#8243; custom_padding=&#8221;54px|0px|25px|0px&#8221;][et_pb_row custom_padding=&#8221;25px|0px|0|0px&#8221; _builder_version=&#8221;3.0.106&#8243;][et_pb_column type=&#8221;4_4&#8243; _builder_version=&#8221;3.0.106&#8243;][et_pb_text _builder_version=&#8221;3.21.1&#8243; text_font=&#8221;||||||||&#8221; header_font=&#8221;||||||||&#8221; header_text_align=&#8221;center&#8221; header_font_size=&#8221;39px&#8221; header_2_font=&#8221;||||||||&#8221; header_2_font_size=&#8221;25px&#8221;]<\/p>\n<h2 style=\"text-align: center;\">Przyk\u0142ady naszych prac<\/h2>\n<p style=\"text-align: center;\"><span style=\"font-size: large;\">aby zobaczy\u0107 wi\u0119cej fotografii odwied\u017a nasz album <a href=\"https:\/\/www.flickr.com\/photos\/flowersfromheaven\/albums\/72157631994259251\/\" target=\"_blank\" rel=\"noopener noreferrer\">Flickr | Flowers from Heaven<\/a><\/span><\/p>\n<p>[\/et_pb_text][et_pb_gallery gallery_ids=&#8221;1113089,1113092,1113093,1113094,1113095,1113096,1113097,1113098&#8243; gallery_captions=&#8221;,,,,,,,&#8221; posts_number=&#8221;8&#8243; show_title_and_caption=&#8221;off&#8221; show_pagination=&#8221;off&#8221; hover_icon=&#8221;U&#8221; admin_label=&#8221;Gallery&#8221; _builder_version=&#8221;3.0.106&#8243; use_border_color=&#8221;off&#8221; border_color=&#8221;#ffffff&#8221; border_width=&#8221;1px&#8221; border_style=&#8221;solid&#8221; saved_tabs=&#8221;all&#8221;] [\/et_pb_gallery][\/et_pb_column][\/et_pb_row][\/et_pb_section][et_pb_section fb_built=&#8221;1&#8243; _builder_version=&#8221;3.0.106&#8243;][et_pb_row use_custom_width=&#8221;on&#8221; width_unit=&#8221;off&#8221; custom_width_percent=&#8221;55%&#8221; custom_padding=&#8221;25px|0px|48px|0px&#8221; _builder_version=&#8221;3.0.106&#8243; background_image=&#8221;https:\/\/intuitiongarden.com\/wp-content\/uploads\/2018\/05\/flowers-from-heaven-facebook.jpg&#8221;][et_pb_column type=&#8221;4_4&#8243; _builder_version=&#8221;3.0.106&#8243;][et_pb_text _builder_version=&#8221;3.21.1&#8243;]<\/p>\n<h2 style=\"text-align: center;\">Odwied\u017a nas na Facebooku<\/h2>\n<p>[\/et_pb_text][et_pb_button button_url=&#8221;https:\/\/www.facebook.com\/Flowers-from-Heaven-429591877196073\/&#8221; url_new_window=&#8221;on&#8221; button_text=&#8221;Strona Facebook&#8221; button_alignment=&#8221;center&#8221; admin_label=&#8221;Button &#8211; Standard&#8221; _builder_version=&#8221;3.21.1&#8243; background_layout=&#8221;dark&#8221; custom_margin=&#8221;0px|||&#8221; saved_tabs=&#8221;all&#8221; button_text_size__hover_enabled=&#8221;off&#8221; button_one_text_size__hover_enabled=&#8221;off&#8221; button_two_text_size__hover_enabled=&#8221;off&#8221; button_text_color__hover_enabled=&#8221;off&#8221; button_one_text_color__hover_enabled=&#8221;off&#8221; button_two_text_color__hover_enabled=&#8221;off&#8221; button_border_width__hover_enabled=&#8221;off&#8221; button_one_border_width__hover_enabled=&#8221;off&#8221; button_two_border_width__hover_enabled=&#8221;off&#8221; button_border_color__hover_enabled=&#8221;off&#8221; button_one_border_color__hover_enabled=&#8221;off&#8221; button_two_border_color__hover_enabled=&#8221;off&#8221; button_border_radius__hover_enabled=&#8221;off&#8221; button_one_border_radius__hover_enabled=&#8221;off&#8221; button_two_border_radius__hover_enabled=&#8221;off&#8221; button_letter_spacing__hover_enabled=&#8221;off&#8221; button_one_letter_spacing__hover_enabled=&#8221;off&#8221; button_two_letter_spacing__hover_enabled=&#8221;off&#8221; button_bg_color__hover_enabled=&#8221;off&#8221; button_one_bg_color__hover_enabled=&#8221;off&#8221; button_two_bg_color__hover_enabled=&#8221;off&#8221;] [\/et_pb_button][\/et_pb_column][\/et_pb_row][\/et_pb_section]<\/p>\n","protected":false},"excerpt":{"rendered":"<p>\u00a0 \u00a0 \u00a0 \u00a0 \u00a0Kwiaciarnia &#8211; Kwiaty z nieba L\u0119bork, ul Handlowa 3\/1na rynku, z tylu Kupca, naprzeciwko piekarni 'Kr\u00f3lewiczanka&#8217; Jako\u015b\u0107 i indywidualne kompozycje kwiatowe na ka\u017cd\u0105 okazj\u0119. Tworzymy specjalne wspomnienia z kwiatami . Nic nie wyra\u017ca Twoich emocji jak dar kwiat\u00f3w. Rozumiemy znaczenie tworzenia idealnego wra\u017cenia na Twoja specjalna okazje. Kwiaciarnia &#8211; \u201eKwiaty z [&hellip;]<\/p>\n","protected":false},"author":1,"featured_media":0,"parent":0,"menu_order":0,"comment_status":"closed","ping_status":"closed","template":"","meta":{"_et_pb_use_builder":"on","_et_pb_old_content":"","_et_gb_content_width":"","footnotes":""},"class_list":["post-1117194","page","type-page","status-publish","hentry"],"yoast_head":"<!-- This site is optimized with the Yoast SEO plugin v27.4 - https:\/\/yoast.com\/product\/yoast-seo-wordpress\/ -->\n<title>Kwiaty z nieba - Intuition Garden<\/title>\n<meta name=\"robots\" content=\"index, follow, max-snippet:-1, max-image-preview:large, max-video-preview:-1\" \/>\n<link rel=\"canonical\" href=\"https:\/\/intuitiongarden.com\/pl\/kwiaty-z-nieba\/\" \/>\n<meta property=\"og:locale\" content=\"pl_PL\" \/>\n<meta property=\"og:type\" content=\"article\" \/>\n<meta property=\"og:title\" content=\"Kwiaty z nieba - Intuition Garden\" \/>\n<meta property=\"og:description\" content=\"\u00a0 \u00a0 \u00a0 \u00a0 \u00a0Kwiaciarnia - Kwiaty z nieba L\u0119bork, ul Handlowa 3\/1na rynku, z tylu Kupca, naprzeciwko piekarni &#039;Kr\u00f3lewiczanka&#039; Jako\u015b\u0107 i indywidualne kompozycje kwiatowe na ka\u017cd\u0105 okazj\u0119. Tworzymy specjalne wspomnienia z kwiatami . Nic nie wyra\u017ca Twoich emocji jak dar kwiat\u00f3w. Rozumiemy znaczenie tworzenia idealnego wra\u017cenia na Twoja specjalna okazje. Kwiaciarnia - \u201eKwiaty z [&hellip;]\" \/>\n<meta property=\"og:url\" content=\"https:\/\/intuitiongarden.com\/pl\/kwiaty-z-nieba\/\" \/>\n<meta property=\"og:site_name\" content=\"Intuition Garden\" \/>\n<meta property=\"article:modified_time\" content=\"2019-06-14T12:18:09+00:00\" \/>\n<meta property=\"og:image\" content=\"https:\/\/intuitiongarden.com\/wp-content\/uploads\/2020\/09\/Intuition-garden-roza-alicja.jpg\" \/>\n\t<meta property=\"og:image:width\" content=\"1200\" \/>\n\t<meta property=\"og:image:height\" content=\"630\" \/>\n\t<meta property=\"og:image:type\" content=\"image\/jpeg\" \/>\n<meta name=\"twitter:label1\" content=\"Szacowany czas czytania\" \/>\n\t<meta name=\"twitter:data1\" content=\"8 minut\" \/>\n<script type=\"application\/ld+json\" class=\"yoast-schema-graph\">{\"@context\":\"https:\\\/\\\/schema.org\",\"@graph\":[{\"@type\":\"WebPage\",\"@id\":\"https:\\\/\\\/intuitiongarden.com\\\/pl\\\/kwiaty-z-nieba\\\/\",\"url\":\"https:\\\/\\\/intuitiongarden.com\\\/pl\\\/kwiaty-z-nieba\\\/\",\"name\":\"Kwiaty z nieba - Intuition Garden\",\"isPartOf\":{\"@id\":\"https:\\\/\\\/intuitiongarden.com\\\/pl\\\/#website\"},\"datePublished\":\"2018-04-03T09:41:30+00:00\",\"dateModified\":\"2019-06-14T12:18:09+00:00\",\"breadcrumb\":{\"@id\":\"https:\\\/\\\/intuitiongarden.com\\\/pl\\\/kwiaty-z-nieba\\\/#breadcrumb\"},\"inLanguage\":\"pl-PL\",\"potentialAction\":[{\"@type\":\"ReadAction\",\"target\":[\"https:\\\/\\\/intuitiongarden.com\\\/pl\\\/kwiaty-z-nieba\\\/\"]}]},{\"@type\":\"BreadcrumbList\",\"@id\":\"https:\\\/\\\/intuitiongarden.com\\\/pl\\\/kwiaty-z-nieba\\\/#breadcrumb\",\"itemListElement\":[{\"@type\":\"ListItem\",\"position\":1,\"name\":\"Home\",\"item\":\"https:\\\/\\\/intuitiongarden.com\\\/pl\\\/\"},{\"@type\":\"ListItem\",\"position\":2,\"name\":\"Kwiaty z nieba\"}]},{\"@type\":\"WebSite\",\"@id\":\"https:\\\/\\\/intuitiongarden.com\\\/pl\\\/#website\",\"url\":\"https:\\\/\\\/intuitiongarden.com\\\/pl\\\/\",\"name\":\"Intuition Garden\",\"description\":\"for nature-inspired &amp; authentic life!\",\"potentialAction\":[{\"@type\":\"SearchAction\",\"target\":{\"@type\":\"EntryPoint\",\"urlTemplate\":\"https:\\\/\\\/intuitiongarden.com\\\/pl\\\/?s={search_term_string}\"},\"query-input\":{\"@type\":\"PropertyValueSpecification\",\"valueRequired\":true,\"valueName\":\"search_term_string\"}}],\"inLanguage\":\"pl-PL\"}]}<\/script>\n<!-- \/ Yoast SEO plugin. -->","yoast_head_json":{"title":"Kwiaty z nieba - Intuition Garden","robots":{"index":"index","follow":"follow","max-snippet":"max-snippet:-1","max-image-preview":"max-image-preview:large","max-video-preview":"max-video-preview:-1"},"canonical":"https:\/\/intuitiongarden.com\/pl\/kwiaty-z-nieba\/","og_locale":"pl_PL","og_type":"article","og_title":"Kwiaty z nieba - Intuition Garden","og_description":"\u00a0 \u00a0 \u00a0 \u00a0 \u00a0Kwiaciarnia - Kwiaty z nieba L\u0119bork, ul Handlowa 3\/1na rynku, z tylu Kupca, naprzeciwko piekarni 'Kr\u00f3lewiczanka' Jako\u015b\u0107 i indywidualne kompozycje kwiatowe na ka\u017cd\u0105 okazj\u0119. Tworzymy specjalne wspomnienia z kwiatami . Nic nie wyra\u017ca Twoich emocji jak dar kwiat\u00f3w. Rozumiemy znaczenie tworzenia idealnego wra\u017cenia na Twoja specjalna okazje. Kwiaciarnia - \u201eKwiaty z [&hellip;]","og_url":"https:\/\/intuitiongarden.com\/pl\/kwiaty-z-nieba\/","og_site_name":"Intuition Garden","article_modified_time":"2019-06-14T12:18:09+00:00","og_image":[{"width":1200,"height":630,"url":"https:\/\/intuitiongarden.com\/wp-content\/uploads\/2020\/09\/Intuition-garden-roza-alicja.jpg","type":"image\/jpeg"}],"twitter_misc":{"Szacowany czas czytania":"8 minut"},"schema":{"@context":"https:\/\/schema.org","@graph":[{"@type":"WebPage","@id":"https:\/\/intuitiongarden.com\/pl\/kwiaty-z-nieba\/","url":"https:\/\/intuitiongarden.com\/pl\/kwiaty-z-nieba\/","name":"Kwiaty z nieba - Intuition Garden","isPartOf":{"@id":"https:\/\/intuitiongarden.com\/pl\/#website"},"datePublished":"2018-04-03T09:41:30+00:00","dateModified":"2019-06-14T12:18:09+00:00","breadcrumb":{"@id":"https:\/\/intuitiongarden.com\/pl\/kwiaty-z-nieba\/#breadcrumb"},"inLanguage":"pl-PL","potentialAction":[{"@type":"ReadAction","target":["https:\/\/intuitiongarden.com\/pl\/kwiaty-z-nieba\/"]}]},{"@type":"BreadcrumbList","@id":"https:\/\/intuitiongarden.com\/pl\/kwiaty-z-nieba\/#breadcrumb","itemListElement":[{"@type":"ListItem","position":1,"name":"Home","item":"https:\/\/intuitiongarden.com\/pl\/"},{"@type":"ListItem","position":2,"name":"Kwiaty z nieba"}]},{"@type":"WebSite","@id":"https:\/\/intuitiongarden.com\/pl\/#website","url":"https:\/\/intuitiongarden.com\/pl\/","name":"Intuition Garden","description":"for nature-inspired &amp; authentic life!","potentialAction":[{"@type":"SearchAction","target":{"@type":"EntryPoint","urlTemplate":"https:\/\/intuitiongarden.com\/pl\/?s={search_term_string}"},"query-input":{"@type":"PropertyValueSpecification","valueRequired":true,"valueName":"search_term_string"}}],"inLanguage":"pl-PL"}]}},"_links":{"self":[{"href":"https:\/\/intuitiongarden.com\/pl\/wp-json\/wp\/v2\/pages\/1117194","targetHints":{"allow":["GET"]}}],"collection":[{"href":"https:\/\/intuitiongarden.com\/pl\/wp-json\/wp\/v2\/pages"}],"about":[{"href":"https:\/\/intuitiongarden.com\/pl\/wp-json\/wp\/v2\/types\/page"}],"author":[{"embeddable":true,"href":"https:\/\/intuitiongarden.com\/pl\/wp-json\/wp\/v2\/users\/1"}],"replies":[{"embeddable":true,"href":"https:\/\/intuitiongarden.com\/pl\/wp-json\/wp\/v2\/comments?post=1117194"}],"version-history":[{"count":0,"href":"https:\/\/intuitiongarden.com\/pl\/wp-json\/wp\/v2\/pages\/1117194\/revisions"}],"wp:attachment":[{"href":"https:\/\/intuitiongarden.com\/pl\/wp-json\/wp\/v2\/media?parent=1117194"}],"curies":[{"name":"wp","href":"https:\/\/api.w.org\/{rel}","templated":true}]}}