{"id":1117172,"date":"2018-10-22T15:38:14","date_gmt":"2018-10-22T12:38:14","guid":{"rendered":"https:\/\/intuitiongarden.com\/cookie-policy\/"},"modified":"2019-06-17T10:53:26","modified_gmt":"2019-06-17T07:53:26","slug":"polityka-cookies","status":"publish","type":"page","link":"https:\/\/intuitiongarden.com\/pl\/polityka-cookies\/","title":{"rendered":"Polityka Cookies"},"content":{"rendered":"<p>[et_pb_section fb_built=&#8221;1&#8243; _builder_version=&#8221;3.4.1&#8243; background_image=&#8221;https:\/\/intuitiongarden.com\/wp-content\/uploads\/2018\/06\/about-me-roza.jpg&#8221; custom_padding=&#8221;0|0px|0|0px&#8221; custom_css_main_element=&#8221;height:400px&#8221;][et_pb_row custom_padding=&#8221;25px|0px|0|0px&#8221; _builder_version=&#8221;3.0.106&#8243;][et_pb_column type=&#8221;1_2&#8243; _builder_version=&#8221;3.0.106&#8243;][et_pb_text _builder_version=&#8221;3.0.106&#8243;][\/et_pb_text][\/et_pb_column][et_pb_column type=&#8221;1_2&#8243; _builder_version=&#8221;3.0.106&#8243;][\/et_pb_column][\/et_pb_row][\/et_pb_section][et_pb_section fb_built=&#8221;1&#8243; custom_padding_last_edited=&#8221;on|desktop&#8221; admin_label=&#8221;section&#8221; _builder_version=&#8221;3.0.74&#8243; custom_padding_tablet=&#8221;50px|0|50px|0&#8243; transparent_background=&#8221;off&#8221; padding_mobile=&#8221;off&#8221;][et_pb_row custom_padding=&#8221;53px|0px|0|0px|false|false&#8221; column_padding_mobile=&#8221;on&#8221; admin_label=&#8221;row&#8221; _builder_version=&#8221;3.0.47&#8243; background_size=&#8221;initial&#8221; background_position=&#8221;top_left&#8221; background_repeat=&#8221;repeat&#8221;][et_pb_column type=&#8221;4_4&#8243; _builder_version=&#8221;3.0.47&#8243;][et_pb_text admin_label=&#8221;Text&#8221; _builder_version=&#8221;3.21.1&#8243; background_size=&#8221;initial&#8221; background_position=&#8221;top_left&#8221; background_repeat=&#8221;repeat&#8221; use_border_color=&#8221;off&#8221; border_style=&#8221;solid&#8221;]<\/p>\n<h1>Polityka Cookie<\/h1>\n<p>Pliki cookie to ma\u0142e pliki tekstowe, kt\u00f3re s\u0105 umieszczane na Twoim komputerze. Pliki cookie zapewniaj\u0105 podstawowe us\u0142ugi i pomagaj\u0105 witrynie dzia\u0142a\u0107 i dzia\u0142a\u0107 sprawnie. Pliki cookie s\u0105 u\u017cywane przez wiele stron internetowych i mog\u0105 robi\u0107 wiele rzeczy, takich jak zapami\u0119tywanie preferencji, nagrywanie tego, co umie\u015bci\u0142e\u015b w koszyku zakup\u00f3w, oraz liczenie os\u00f3b przegl\u0105daj\u0105cych stron\u0119.<\/p>\n<p>U\u017cywam plik\u00f3w cookie, aby \u015bledzi\u0107, w jaki spos\u00f3b moi u\u017cytkownicy korzystaj\u0105 z mojej witryny, oraz pliki cookie, kt\u00f3re pozwalaj\u0105 mojej stronie dobrze funkcjonowa\u0107, jak opisano powy\u017cej. Pomaga mi to rozwija\u0107 i ulepsza\u0107 moj\u0105 stron\u0119, a tak\u017ce moje produkty i \/ lub us\u0142ugi.<\/p>\n<h2>Zarz\u0105dzanie ustawieniami plik\u00f3w cookie<\/h2>\n<p>Wi\u0119kszo\u015b\u0107 przegl\u0105darek internetowych umo\u017cliwia pewn\u0105 kontrol\u0119 plik\u00f3w cookie za po\u015brednictwem ustawie\u0144 przegl\u0105darki.<\/p>\n<p>Ta strona szczeg\u00f3\u0142owo wyja\u015bnia, czym s\u0105 pliki cookie, a tak\u017ce pokazuje, w jaki spos\u00f3b mo\u017cna je kontrolowa\u0107 i wy\u0142\u0105cza\u0107 dla najcz\u0119\u015bciej u\u017cywanych przegl\u0105darek, je\u015bli chcesz to zrobi\u0107.<\/p>\n<p>https:\/\/cookies.insites.com\/<\/p>\n<p>[\/et_pb_text][\/et_pb_column][\/et_pb_row][\/et_pb_section]<\/p>\n","protected":false},"excerpt":{"rendered":"<p>Polityka Cookie Pliki cookie to ma\u0142e pliki tekstowe, kt\u00f3re s\u0105 umieszczane na Twoim komputerze. Pliki cookie zapewniaj\u0105 podstawowe us\u0142ugi i pomagaj\u0105 witrynie dzia\u0142a\u0107 i dzia\u0142a\u0107 sprawnie. Pliki cookie s\u0105 u\u017cywane przez wiele stron internetowych i mog\u0105 robi\u0107 wiele rzeczy, takich jak zapami\u0119tywanie preferencji, nagrywanie tego, co umie\u015bci\u0142e\u015b w koszyku zakup\u00f3w, oraz liczenie os\u00f3b przegl\u0105daj\u0105cych stron\u0119. [&hellip;]<\/p>\n","protected":false},"author":1,"featured_media":0,"parent":0,"menu_order":0,"comment_status":"closed","ping_status":"closed","template":"","meta":{"_et_pb_use_builder":"on","_et_pb_old_content":"","_et_gb_content_width":"","footnotes":""},"class_list":["post-1117172","page","type-page","status-publish","hentry"],"yoast_head":"<!-- This site is optimized with the Yoast SEO plugin v27.4 - https:\/\/yoast.com\/product\/yoast-seo-wordpress\/ -->\n<title>Polityka Cookies - Intuition Garden<\/title>\n<meta name=\"robots\" content=\"index, follow, max-snippet:-1, max-image-preview:large, max-video-preview:-1\" \/>\n<link rel=\"canonical\" href=\"https:\/\/intuitiongarden.com\/pl\/polityka-cookies\/\" \/>\n<meta property=\"og:locale\" content=\"pl_PL\" \/>\n<meta property=\"og:type\" content=\"article\" \/>\n<meta property=\"og:title\" content=\"Polityka Cookies - Intuition Garden\" \/>\n<meta property=\"og:description\" content=\"Polityka Cookie Pliki cookie to ma\u0142e pliki tekstowe, kt\u00f3re s\u0105 umieszczane na Twoim komputerze. Pliki cookie zapewniaj\u0105 podstawowe us\u0142ugi i pomagaj\u0105 witrynie dzia\u0142a\u0107 i dzia\u0142a\u0107 sprawnie. Pliki cookie s\u0105 u\u017cywane przez wiele stron internetowych i mog\u0105 robi\u0107 wiele rzeczy, takich jak zapami\u0119tywanie preferencji, nagrywanie tego, co umie\u015bci\u0142e\u015b w koszyku zakup\u00f3w, oraz liczenie os\u00f3b przegl\u0105daj\u0105cych stron\u0119. [&hellip;]\" \/>\n<meta property=\"og:url\" content=\"https:\/\/intuitiongarden.com\/pl\/polityka-cookies\/\" \/>\n<meta property=\"og:site_name\" content=\"Intuition Garden\" \/>\n<meta property=\"article:modified_time\" content=\"2019-06-17T07:53:26+00:00\" \/>\n<meta property=\"og:image\" content=\"https:\/\/intuitiongarden.com\/wp-content\/uploads\/2020\/09\/Intuition-garden-roza-alicja.jpg\" \/>\n\t<meta property=\"og:image:width\" content=\"1200\" \/>\n\t<meta property=\"og:image:height\" content=\"630\" \/>\n\t<meta property=\"og:image:type\" content=\"image\/jpeg\" \/>\n<meta name=\"twitter:label1\" content=\"Szacowany czas czytania\" \/>\n\t<meta name=\"twitter:data1\" content=\"2 minuty\" \/>\n<script type=\"application\/ld+json\" class=\"yoast-schema-graph\">{\"@context\":\"https:\\\/\\\/schema.org\",\"@graph\":[{\"@type\":\"WebPage\",\"@id\":\"https:\\\/\\\/intuitiongarden.com\\\/pl\\\/polityka-cookies\\\/\",\"url\":\"https:\\\/\\\/intuitiongarden.com\\\/pl\\\/polityka-cookies\\\/\",\"name\":\"Polityka Cookies - Intuition Garden\",\"isPartOf\":{\"@id\":\"https:\\\/\\\/intuitiongarden.com\\\/pl\\\/#website\"},\"datePublished\":\"2018-10-22T12:38:14+00:00\",\"dateModified\":\"2019-06-17T07:53:26+00:00\",\"breadcrumb\":{\"@id\":\"https:\\\/\\\/intuitiongarden.com\\\/pl\\\/polityka-cookies\\\/#breadcrumb\"},\"inLanguage\":\"pl-PL\",\"potentialAction\":[{\"@type\":\"ReadAction\",\"target\":[\"https:\\\/\\\/intuitiongarden.com\\\/pl\\\/polityka-cookies\\\/\"]}]},{\"@type\":\"BreadcrumbList\",\"@id\":\"https:\\\/\\\/intuitiongarden.com\\\/pl\\\/polityka-cookies\\\/#breadcrumb\",\"itemListElement\":[{\"@type\":\"ListItem\",\"position\":1,\"name\":\"Home\",\"item\":\"https:\\\/\\\/intuitiongarden.com\\\/pl\\\/\"},{\"@type\":\"ListItem\",\"position\":2,\"name\":\"Polityka Cookies\"}]},{\"@type\":\"WebSite\",\"@id\":\"https:\\\/\\\/intuitiongarden.com\\\/pl\\\/#website\",\"url\":\"https:\\\/\\\/intuitiongarden.com\\\/pl\\\/\",\"name\":\"Intuition Garden\",\"description\":\"for nature-inspired &amp; authentic life!\",\"potentialAction\":[{\"@type\":\"SearchAction\",\"target\":{\"@type\":\"EntryPoint\",\"urlTemplate\":\"https:\\\/\\\/intuitiongarden.com\\\/pl\\\/?s={search_term_string}\"},\"query-input\":{\"@type\":\"PropertyValueSpecification\",\"valueRequired\":true,\"valueName\":\"search_term_string\"}}],\"inLanguage\":\"pl-PL\"}]}<\/script>\n<!-- \/ Yoast SEO plugin. -->","yoast_head_json":{"title":"Polityka Cookies - Intuition Garden","robots":{"index":"index","follow":"follow","max-snippet":"max-snippet:-1","max-image-preview":"max-image-preview:large","max-video-preview":"max-video-preview:-1"},"canonical":"https:\/\/intuitiongarden.com\/pl\/polityka-cookies\/","og_locale":"pl_PL","og_type":"article","og_title":"Polityka Cookies - Intuition Garden","og_description":"Polityka Cookie Pliki cookie to ma\u0142e pliki tekstowe, kt\u00f3re s\u0105 umieszczane na Twoim komputerze. Pliki cookie zapewniaj\u0105 podstawowe us\u0142ugi i pomagaj\u0105 witrynie dzia\u0142a\u0107 i dzia\u0142a\u0107 sprawnie. Pliki cookie s\u0105 u\u017cywane przez wiele stron internetowych i mog\u0105 robi\u0107 wiele rzeczy, takich jak zapami\u0119tywanie preferencji, nagrywanie tego, co umie\u015bci\u0142e\u015b w koszyku zakup\u00f3w, oraz liczenie os\u00f3b przegl\u0105daj\u0105cych stron\u0119. [&hellip;]","og_url":"https:\/\/intuitiongarden.com\/pl\/polityka-cookies\/","og_site_name":"Intuition Garden","article_modified_time":"2019-06-17T07:53:26+00:00","og_image":[{"width":1200,"height":630,"url":"https:\/\/intuitiongarden.com\/wp-content\/uploads\/2020\/09\/Intuition-garden-roza-alicja.jpg","type":"image\/jpeg"}],"twitter_misc":{"Szacowany czas czytania":"2 minuty"},"schema":{"@context":"https:\/\/schema.org","@graph":[{"@type":"WebPage","@id":"https:\/\/intuitiongarden.com\/pl\/polityka-cookies\/","url":"https:\/\/intuitiongarden.com\/pl\/polityka-cookies\/","name":"Polityka Cookies - Intuition Garden","isPartOf":{"@id":"https:\/\/intuitiongarden.com\/pl\/#website"},"datePublished":"2018-10-22T12:38:14+00:00","dateModified":"2019-06-17T07:53:26+00:00","breadcrumb":{"@id":"https:\/\/intuitiongarden.com\/pl\/polityka-cookies\/#breadcrumb"},"inLanguage":"pl-PL","potentialAction":[{"@type":"ReadAction","target":["https:\/\/intuitiongarden.com\/pl\/polityka-cookies\/"]}]},{"@type":"BreadcrumbList","@id":"https:\/\/intuitiongarden.com\/pl\/polityka-cookies\/#breadcrumb","itemListElement":[{"@type":"ListItem","position":1,"name":"Home","item":"https:\/\/intuitiongarden.com\/pl\/"},{"@type":"ListItem","position":2,"name":"Polityka Cookies"}]},{"@type":"WebSite","@id":"https:\/\/intuitiongarden.com\/pl\/#website","url":"https:\/\/intuitiongarden.com\/pl\/","name":"Intuition Garden","description":"for nature-inspired &amp; authentic life!","potentialAction":[{"@type":"SearchAction","target":{"@type":"EntryPoint","urlTemplate":"https:\/\/intuitiongarden.com\/pl\/?s={search_term_string}"},"query-input":{"@type":"PropertyValueSpecification","valueRequired":true,"valueName":"search_term_string"}}],"inLanguage":"pl-PL"}]}},"_links":{"self":[{"href":"https:\/\/intuitiongarden.com\/pl\/wp-json\/wp\/v2\/pages\/1117172","targetHints":{"allow":["GET"]}}],"collection":[{"href":"https:\/\/intuitiongarden.com\/pl\/wp-json\/wp\/v2\/pages"}],"about":[{"href":"https:\/\/intuitiongarden.com\/pl\/wp-json\/wp\/v2\/types\/page"}],"author":[{"embeddable":true,"href":"https:\/\/intuitiongarden.com\/pl\/wp-json\/wp\/v2\/users\/1"}],"replies":[{"embeddable":true,"href":"https:\/\/intuitiongarden.com\/pl\/wp-json\/wp\/v2\/comments?post=1117172"}],"version-history":[{"count":0,"href":"https:\/\/intuitiongarden.com\/pl\/wp-json\/wp\/v2\/pages\/1117172\/revisions"}],"wp:attachment":[{"href":"https:\/\/intuitiongarden.com\/pl\/wp-json\/wp\/v2\/media?parent=1117172"}],"curies":[{"name":"wp","href":"https:\/\/api.w.org\/{rel}","templated":true}]}}