{"id":1117159,"date":"2016-10-11T12:59:17","date_gmt":"2016-10-11T09:59:17","guid":{"rendered":"https:\/\/intuitiongarden.com\/contact\/"},"modified":"2025-08-05T20:33:20","modified_gmt":"2025-08-05T17:33:20","slug":"kontakt","status":"publish","type":"page","link":"https:\/\/intuitiongarden.com\/pl\/kontakt\/","title":{"rendered":"Kontakt"},"content":{"rendered":"<p>[et_pb_section fb_built=&#8221;1&#8243; disabled_on=&#8221;on|off|off&#8221; _builder_version=&#8221;4.16&#8243; background_image=&#8221;https:\/\/intuitiongarden.com\/wp-content\/uploads\/2018\/04\/soft-pink-rose-contact.jpg&#8221; custom_css_main_element=&#8221;height:400px&#8221; global_colors_info=&#8221;{}&#8221;][et_pb_row _builder_version=&#8221;4.16&#8243; global_colors_info=&#8221;{}&#8221;][et_pb_column type=&#8221;4_4&#8243; _builder_version=&#8221;4.16&#8243; custom_padding=&#8221;|||&#8221; global_colors_info=&#8221;{}&#8221; custom_padding__hover=&#8221;|||&#8221;][et_pb_text _builder_version=&#8221;4.16&#8243; global_colors_info=&#8221;{}&#8221;][\/et_pb_text][\/et_pb_column][\/et_pb_row][\/et_pb_section][et_pb_section fb_built=&#8221;1&#8243; disabled_on=&#8221;off|on|on&#8221; _builder_version=&#8221;4.16&#8243; background_image=&#8221;https:\/\/intuitiongarden.com\/wp-content\/uploads\/2018\/12\/soft-pink-rose-contact-mob.jpg&#8221; custom_css_main_element=&#8221;height:400px&#8221; global_colors_info=&#8221;{}&#8221;][et_pb_row _builder_version=&#8221;4.16&#8243; global_colors_info=&#8221;{}&#8221;][et_pb_column type=&#8221;4_4&#8243; _builder_version=&#8221;4.16&#8243; custom_padding=&#8221;|||&#8221; global_colors_info=&#8221;{}&#8221; custom_padding__hover=&#8221;|||&#8221;][et_pb_text _builder_version=&#8221;4.16&#8243; global_colors_info=&#8221;{}&#8221;][\/et_pb_text][\/et_pb_column][\/et_pb_row][\/et_pb_section][et_pb_section fb_built=&#8221;1&#8243; custom_padding_last_edited=&#8221;on|desktop&#8221; admin_label=&#8221;section&#8221; _builder_version=&#8221;4.16&#8243; custom_padding=&#8221;68px|0px|25px|0px&#8221; custom_padding_tablet=&#8221;50px|0|50px|0&#8243; custom_padding_phone=&#8221;&#8221; transparent_background=&#8221;off&#8221; global_colors_info=&#8221;{}&#8221;][et_pb_row column_structure=&#8221;2_3,1_3&#8243; padding_mobile=&#8221;off&#8221; column_padding_mobile=&#8221;on&#8221; admin_label=&#8221;row&#8221; _builder_version=&#8221;4.16&#8243; background_size=&#8221;initial&#8221; background_position=&#8221;top_left&#8221; background_repeat=&#8221;repeat&#8221; global_colors_info=&#8221;{}&#8221;][et_pb_column type=&#8221;2_3&#8243; _builder_version=&#8221;4.16&#8243; custom_padding=&#8221;|||&#8221; global_colors_info=&#8221;{}&#8221; custom_padding__hover=&#8221;|||&#8221;][et_pb_text _builder_version=&#8221;4.16&#8243; global_colors_info=&#8221;{}&#8221;]<\/p>\n\n<div class=\"wpcf7 no-js\" id=\"wpcf7-f1117299-o1\" lang=\"en-US\" dir=\"ltr\" data-wpcf7-id=\"1117299\">\n<div class=\"screen-reader-response\"><p role=\"status\" aria-live=\"polite\" aria-atomic=\"true\"><\/p> <ul><\/ul><\/div>\n<form action=\"\/pl\/wp-json\/wp\/v2\/pages\/1117159#wpcf7-f1117299-o1\" method=\"post\" class=\"wpcf7-form init\" aria-label=\"Contact form\" novalidate=\"novalidate\" data-status=\"init\">\n<fieldset class=\"hidden-fields-container\"><input type=\"hidden\" name=\"_wpcf7\" value=\"1117299\" \/><input type=\"hidden\" name=\"_wpcf7_version\" value=\"6.1.5\" \/><input type=\"hidden\" name=\"_wpcf7_locale\" value=\"en_US\" \/><input type=\"hidden\" name=\"_wpcf7_unit_tag\" value=\"wpcf7-f1117299-o1\" \/><input type=\"hidden\" name=\"_wpcf7_container_post\" value=\"0\" \/><input type=\"hidden\" name=\"_wpcf7_posted_data_hash\" value=\"\" \/><input type=\"hidden\" name=\"_wpcf7_recaptcha_response\" value=\"\" \/>\n<\/fieldset>\n<div class=\"et_pb_contact_form_0 et_pb_contact\">\n\t<h1 class=\"et_pb_contact_main_title\">Please get in touch - I'd love to hear from you\n\t<\/h1>\n\t<p><label><span class=\"wpcf7-form-control-wrap\" data-name=\"your-name\"><input size=\"40\" maxlength=\"400\" class=\"wpcf7-form-control wpcf7-text wpcf7-validates-as-required input\" aria-required=\"true\" aria-invalid=\"false\" placeholder=\"Name\" value=\"\" type=\"text\" name=\"your-name\" \/><\/span> <\/label>\n\t<\/p>\n\t<p><label><span class=\"wpcf7-form-control-wrap\" data-name=\"your-email\"><input size=\"40\" maxlength=\"400\" class=\"wpcf7-form-control wpcf7-email wpcf7-validates-as-required wpcf7-text wpcf7-validates-as-email input\" aria-required=\"true\" aria-invalid=\"false\" placeholder=\"Email Address\" value=\"\" type=\"email\" name=\"your-email\" \/><\/span> <\/label>\n\t<\/p>\n\t<p><label><span class=\"wpcf7-form-control-wrap\" data-name=\"your-message\"><textarea cols=\"40\" rows=\"10\" maxlength=\"2000\" class=\"wpcf7-form-control wpcf7-textarea wpcf7-validates-as-required input\" aria-required=\"true\" aria-invalid=\"false\" placeholder=\"Message\" name=\"your-message\"><\/textarea><\/span> <\/label>\n\t<\/p>\n\t<p><input class=\"wpcf7-form-control wpcf7-submit has-spinner et_pb_contact_submit et_pb_button\" type=\"submit\" value=\"Send\" \/>\n\t<\/p>\n<\/div><div class=\"wpcf7-response-output\" aria-hidden=\"true\"><\/div>\n<\/form>\n<\/div>\n\n<p>[\/et_pb_text][\/et_pb_column][et_pb_column type=&#8221;1_3&#8243; _builder_version=&#8221;4.16&#8243; custom_padding=&#8221;|||&#8221; global_colors_info=&#8221;{}&#8221; custom_padding__hover=&#8221;|||&#8221;][et_pb_image src=&#8221;https:\/\/intuitiongarden.com\/wp-content\/uploads\/2018\/04\/Roza-Alicja.jpg&#8221; align=&#8221;center&#8221; align_tablet=&#8221;center&#8221; align_phone=&#8221;center&#8221; align_last_edited=&#8221;on|desktop&#8221; admin_label=&#8221;Image&#8221; module_class=&#8221;roundimage&#8221; _builder_version=&#8221;4.16&#8243; max_width=&#8221;56%&#8221; use_border_color=&#8221;off&#8221; border_color=&#8221;#ffffff&#8221; border_width=&#8221;29px&#8221; border_style=&#8221;solid&#8221; sticky=&#8221;off&#8221; saved_tabs=&#8221;all&#8221; global_colors_info=&#8221;{}&#8221;][\/et_pb_image][et_pb_text _builder_version=&#8221;4.16&#8243; background_size=&#8221;initial&#8221; background_position=&#8221;top_left&#8221; background_repeat=&#8221;repeat&#8221; use_border_color=&#8221;off&#8221; border_style=&#8221;solid&#8221; global_colors_info=&#8221;{}&#8221;]<\/p>\n<p><strong style=\"font-size: 15px;\">Telephone:<\/strong><\/p>\n<p>+1-416-928-2803 (Canada)<\/p>\n<p>+48-575-505-475 (Poland)<\/p>\n<p><strong style=\"font-size: 16px;\">Email:<\/strong><\/p>\n<p>contact [at] intuitiongarden.com<\/p>\n<p><b>Spotkanie osobiste:<\/b><\/p>\n<p><span style=\"font-size: 16px;\">Mo\u017cliwo\u015b\u0107 spotkania si\u0119 w\u00a0Toronto, Ontario, Kanadzie i w L\u0119borku, Polsce<\/span><\/p>\n<p>[\/et_pb_text][\/et_pb_column][\/et_pb_row][\/et_pb_section]<\/p>\n","protected":false},"excerpt":{"rendered":"<p>\n<div class=\"wpcf7 no-js\" id=\"wpcf7-f1117299-o2\" lang=\"en-US\" dir=\"ltr\" data-wpcf7-id=\"1117299\">\n<div class=\"screen-reader-response\"><p role=\"status\" aria-live=\"polite\" aria-atomic=\"true\"><\/p> <ul><\/ul><\/div>\n<form action=\"\/pl\/wp-json\/wp\/v2\/pages\/1117159#wpcf7-f1117299-o2\" method=\"post\" class=\"wpcf7-form init\" aria-label=\"Contact form\" novalidate=\"novalidate\" data-status=\"init\">\n<fieldset class=\"hidden-fields-container\"><input type=\"hidden\" name=\"_wpcf7\" value=\"1117299\" \/><input type=\"hidden\" name=\"_wpcf7_version\" value=\"6.1.5\" \/><input type=\"hidden\" name=\"_wpcf7_locale\" value=\"en_US\" \/><input type=\"hidden\" name=\"_wpcf7_unit_tag\" value=\"wpcf7-f1117299-o2\" \/><input type=\"hidden\" name=\"_wpcf7_container_post\" value=\"0\" \/><input type=\"hidden\" name=\"_wpcf7_posted_data_hash\" value=\"\" \/><input type=\"hidden\" name=\"_wpcf7_recaptcha_response\" value=\"\" \/>\n<\/fieldset>\n<div class=\"et_pb_contact_form_0 et_pb_contact\">\n\t<h1 class=\"et_pb_contact_main_title\">Please get in touch - I'd love to hear from you\n\t<\/h1>\n\t<p><label><span class=\"wpcf7-form-control-wrap\" data-name=\"your-name\"><input size=\"40\" maxlength=\"400\" class=\"wpcf7-form-control wpcf7-text wpcf7-validates-as-required input\" aria-required=\"true\" aria-invalid=\"false\" placeholder=\"Name\" value=\"\" type=\"text\" name=\"your-name\" \/><\/span> <\/label>\n\t<\/p>\n\t<p><label><span class=\"wpcf7-form-control-wrap\" data-name=\"your-email\"><input size=\"40\" maxlength=\"400\" class=\"wpcf7-form-control wpcf7-email wpcf7-validates-as-required wpcf7-text wpcf7-validates-as-email input\" aria-required=\"true\" aria-invalid=\"false\" placeholder=\"Email Address\" value=\"\" type=\"email\" name=\"your-email\" \/><\/span> <\/label>\n\t<\/p>\n\t<p><label><span class=\"wpcf7-form-control-wrap\" data-name=\"your-message\"><textarea cols=\"40\" rows=\"10\" maxlength=\"2000\" class=\"wpcf7-form-control wpcf7-textarea wpcf7-validates-as-required input\" aria-required=\"true\" aria-invalid=\"false\" placeholder=\"Message\" name=\"your-message\"><\/textarea><\/span> <\/label>\n\t<\/p>\n\t<p><input class=\"wpcf7-form-control wpcf7-submit has-spinner et_pb_contact_submit et_pb_button\" type=\"submit\" value=\"Send\" \/>\n\t<\/p>\n<\/div><div class=\"wpcf7-response-output\" aria-hidden=\"true\"><\/div>\n<\/form>\n<\/div>\nTelephone: +1-416-928-2803 (Canada) +48-575-505-475 (Poland) Email: contact [at] intuitiongarden.com Spotkanie osobiste: Mo\u017cliwo\u015b\u0107 spotkania si\u0119 w\u00a0Toronto, Ontario, Kanadzie i w L\u0119borku, Polsce<\/p>\n","protected":false},"author":1,"featured_media":0,"parent":0,"menu_order":0,"comment_status":"closed","ping_status":"closed","template":"","meta":{"_et_pb_use_builder":"on","_et_pb_old_content":"","_et_gb_content_width":"","footnotes":""},"class_list":["post-1117159","page","type-page","status-publish","hentry"],"yoast_head":"<!-- This site is optimized with the Yoast SEO plugin v27.4 - https:\/\/yoast.com\/product\/yoast-seo-wordpress\/ -->\n<title>Kontakt - Intuition Garden<\/title>\n<meta name=\"robots\" content=\"index, follow, max-snippet:-1, max-image-preview:large, max-video-preview:-1\" \/>\n<link rel=\"canonical\" href=\"https:\/\/intuitiongarden.com\/pl\/kontakt\/\" \/>\n<meta property=\"og:locale\" content=\"pl_PL\" \/>\n<meta property=\"og:type\" content=\"article\" \/>\n<meta property=\"og:title\" content=\"Kontakt - Intuition Garden\" \/>\n<meta property=\"og:description\" content=\"Telephone: +1-416-928-2803 (Canada) +48-575-505-475 (Poland) Email: contact [at] intuitiongarden.com Spotkanie osobiste: Mo\u017cliwo\u015b\u0107 spotkania si\u0119 w\u00a0Toronto, Ontario, Kanadzie i w L\u0119borku, Polsce\" \/>\n<meta property=\"og:url\" content=\"https:\/\/intuitiongarden.com\/pl\/kontakt\/\" \/>\n<meta property=\"og:site_name\" content=\"Intuition Garden\" \/>\n<meta property=\"article:modified_time\" content=\"2025-08-05T17:33:20+00:00\" \/>\n<meta property=\"og:image\" content=\"https:\/\/intuitiongarden.com\/wp-content\/uploads\/2020\/09\/Intuition-garden-roza-alicja.jpg\" \/>\n\t<meta property=\"og:image:width\" content=\"1200\" \/>\n\t<meta property=\"og:image:height\" content=\"630\" \/>\n\t<meta property=\"og:image:type\" content=\"image\/jpeg\" \/>\n<meta name=\"twitter:label1\" content=\"Szacowany czas czytania\" \/>\n\t<meta name=\"twitter:data1\" content=\"1 minuta\" \/>\n<script type=\"application\/ld+json\" class=\"yoast-schema-graph\">{\"@context\":\"https:\\\/\\\/schema.org\",\"@graph\":[{\"@type\":\"WebPage\",\"@id\":\"https:\\\/\\\/intuitiongarden.com\\\/pl\\\/kontakt\\\/\",\"url\":\"https:\\\/\\\/intuitiongarden.com\\\/pl\\\/kontakt\\\/\",\"name\":\"Kontakt - Intuition Garden\",\"isPartOf\":{\"@id\":\"https:\\\/\\\/intuitiongarden.com\\\/pl\\\/#website\"},\"datePublished\":\"2016-10-11T09:59:17+00:00\",\"dateModified\":\"2025-08-05T17:33:20+00:00\",\"breadcrumb\":{\"@id\":\"https:\\\/\\\/intuitiongarden.com\\\/pl\\\/kontakt\\\/#breadcrumb\"},\"inLanguage\":\"pl-PL\",\"potentialAction\":[{\"@type\":\"ReadAction\",\"target\":[\"https:\\\/\\\/intuitiongarden.com\\\/pl\\\/kontakt\\\/\"]}]},{\"@type\":\"BreadcrumbList\",\"@id\":\"https:\\\/\\\/intuitiongarden.com\\\/pl\\\/kontakt\\\/#breadcrumb\",\"itemListElement\":[{\"@type\":\"ListItem\",\"position\":1,\"name\":\"Home\",\"item\":\"https:\\\/\\\/intuitiongarden.com\\\/pl\\\/\"},{\"@type\":\"ListItem\",\"position\":2,\"name\":\"Kontakt\"}]},{\"@type\":\"WebSite\",\"@id\":\"https:\\\/\\\/intuitiongarden.com\\\/pl\\\/#website\",\"url\":\"https:\\\/\\\/intuitiongarden.com\\\/pl\\\/\",\"name\":\"Intuition Garden\",\"description\":\"for nature-inspired &amp; authentic life!\",\"potentialAction\":[{\"@type\":\"SearchAction\",\"target\":{\"@type\":\"EntryPoint\",\"urlTemplate\":\"https:\\\/\\\/intuitiongarden.com\\\/pl\\\/?s={search_term_string}\"},\"query-input\":{\"@type\":\"PropertyValueSpecification\",\"valueRequired\":true,\"valueName\":\"search_term_string\"}}],\"inLanguage\":\"pl-PL\"}]}<\/script>\n<!-- \/ Yoast SEO plugin. -->","yoast_head_json":{"title":"Kontakt - Intuition Garden","robots":{"index":"index","follow":"follow","max-snippet":"max-snippet:-1","max-image-preview":"max-image-preview:large","max-video-preview":"max-video-preview:-1"},"canonical":"https:\/\/intuitiongarden.com\/pl\/kontakt\/","og_locale":"pl_PL","og_type":"article","og_title":"Kontakt - Intuition Garden","og_description":"Telephone: +1-416-928-2803 (Canada) +48-575-505-475 (Poland) Email: contact [at] intuitiongarden.com Spotkanie osobiste: Mo\u017cliwo\u015b\u0107 spotkania si\u0119 w\u00a0Toronto, Ontario, Kanadzie i w L\u0119borku, Polsce","og_url":"https:\/\/intuitiongarden.com\/pl\/kontakt\/","og_site_name":"Intuition Garden","article_modified_time":"2025-08-05T17:33:20+00:00","og_image":[{"width":1200,"height":630,"url":"https:\/\/intuitiongarden.com\/wp-content\/uploads\/2020\/09\/Intuition-garden-roza-alicja.jpg","type":"image\/jpeg"}],"twitter_misc":{"Szacowany czas czytania":"1 minuta"},"schema":{"@context":"https:\/\/schema.org","@graph":[{"@type":"WebPage","@id":"https:\/\/intuitiongarden.com\/pl\/kontakt\/","url":"https:\/\/intuitiongarden.com\/pl\/kontakt\/","name":"Kontakt - Intuition Garden","isPartOf":{"@id":"https:\/\/intuitiongarden.com\/pl\/#website"},"datePublished":"2016-10-11T09:59:17+00:00","dateModified":"2025-08-05T17:33:20+00:00","breadcrumb":{"@id":"https:\/\/intuitiongarden.com\/pl\/kontakt\/#breadcrumb"},"inLanguage":"pl-PL","potentialAction":[{"@type":"ReadAction","target":["https:\/\/intuitiongarden.com\/pl\/kontakt\/"]}]},{"@type":"BreadcrumbList","@id":"https:\/\/intuitiongarden.com\/pl\/kontakt\/#breadcrumb","itemListElement":[{"@type":"ListItem","position":1,"name":"Home","item":"https:\/\/intuitiongarden.com\/pl\/"},{"@type":"ListItem","position":2,"name":"Kontakt"}]},{"@type":"WebSite","@id":"https:\/\/intuitiongarden.com\/pl\/#website","url":"https:\/\/intuitiongarden.com\/pl\/","name":"Intuition Garden","description":"for nature-inspired &amp; authentic life!","potentialAction":[{"@type":"SearchAction","target":{"@type":"EntryPoint","urlTemplate":"https:\/\/intuitiongarden.com\/pl\/?s={search_term_string}"},"query-input":{"@type":"PropertyValueSpecification","valueRequired":true,"valueName":"search_term_string"}}],"inLanguage":"pl-PL"}]}},"_links":{"self":[{"href":"https:\/\/intuitiongarden.com\/pl\/wp-json\/wp\/v2\/pages\/1117159","targetHints":{"allow":["GET"]}}],"collection":[{"href":"https:\/\/intuitiongarden.com\/pl\/wp-json\/wp\/v2\/pages"}],"about":[{"href":"https:\/\/intuitiongarden.com\/pl\/wp-json\/wp\/v2\/types\/page"}],"author":[{"embeddable":true,"href":"https:\/\/intuitiongarden.com\/pl\/wp-json\/wp\/v2\/users\/1"}],"replies":[{"embeddable":true,"href":"https:\/\/intuitiongarden.com\/pl\/wp-json\/wp\/v2\/comments?post=1117159"}],"version-history":[{"count":0,"href":"https:\/\/intuitiongarden.com\/pl\/wp-json\/wp\/v2\/pages\/1117159\/revisions"}],"wp:attachment":[{"href":"https:\/\/intuitiongarden.com\/pl\/wp-json\/wp\/v2\/media?parent=1117159"}],"curies":[{"name":"wp","href":"https:\/\/api.w.org\/{rel}","templated":true}]}}